{"id":212,"date":"2022-01-24T11:24:55","date_gmt":"2022-01-24T10:24:55","guid":{"rendered":"http:\/\/turnen.templatetest.vfl-schlangen.de\/?page_id=212"},"modified":"2022-08-18T08:06:11","modified_gmt":"2022-08-18T06:06:11","slug":"gruppen","status":"publish","type":"page","link":"https:\/\/vfl-schlangen.de\/turnen\/gruppen\/","title":{"rendered":"Gruppen"},"content":{"rendered":"\n<p><strong>Unsere verschiedenen Gruppen <\/strong><br>      von Klein bis Gro\u00df <br>          von Jung bis Alt <br>               von <strong>A<\/strong>usdauer bis <strong>Z<\/strong>eltlager<br><br>                                                    weitere Informationen auch unter Trainingszeiten<\/p>\n\n\n\n<p><strong>KINDERTURNEN <\/strong><br>Turnen ist eine wichtige Grundlage f\u00fcr viele weitere Sportarten, darum ist es richtig und wichtig, schon ganz fr\u00fch damit zu beginnen. Kinderturnen f\u00f6rdert auf vielf\u00e4ltige Weise und umfassend wichtige motorische Grundfertigkeiten, wie Laufen, Werfen, Springen, Schwingen, Hangeln, Rollen und Drehen um die eigene K\u00f6rperachse, Balancieren und Tanzen. Dabei orientieren wir uns an den Bed\u00fcrfnissen und F\u00e4higkeiten der Kinder.Wichtige soziale Erfahrungen werden beim Spielen mit- und gegeneinander gesammelt, die Kinder treten mit gleichaltrigen in Kontakt und lernen sich durchzusetzen oder nachzugeben, in der Reihe anstehen und mal warten, Absprachen zu treffen, Kompromisse zu finden und sich gegenseitig zu helfen.<br>Kindergruppen in der Turnabteilung VfL Schlangen:<br>Eltern-Kind-Turnen \/ Kinderturnen ab 4,5 Jahren \/ Tanzm\u00e4use \/ M\u00e4dchenturnen und Jungenturnen ab Schulalter \/ Trampolinturnen \/ Rh\u00f6nrad \/ Badminton \/ Wettkampfgruppen KGW<\/p>\n\n\n\n<p><strong>JUGENDTURNEN<\/strong><br>Im jugendlichen Alter werden die F\u00e4higkeiten aus dem Kinderturnen weiter ausgebaut, F\u00f6rderung der motorischen Bewegung an den Ger\u00e4ten und in Bewegungsspielen, von Selbstvertrauen durch das eigene Tun \u2013 Selbstbest\u00e4tigung, Verantwortung zu \u00fcbernehmen,\u00a0 Pflichtbewusstsein zu entwickeln, gerade auch bei den Wettkampfgruppen, fehlt ein Teil aus der Mannschaft, kann weniger gut trainiert werden. Beim Turnen werden folgende Aspekte gef\u00f6rdert: Soziale Entwicklung, Biologische Entwicklung, Kognitive Entwicklung, Emotional-psychische Entwicklung, Sensorische Entwicklung und die Motorische Entwicklung.<br>Jugendgruppen in der Turnabteilung VfL Schlangen:<br>M\u00e4dchenturnen und Jungenturnen ab Schulalter \/ Trampolinturnen \/ Rh\u00f6nrad \/ Badminton \/ Wettkampfgruppen TGW und TGM<\/p>\n\n\n\n<p><strong>WETTKAMPFGRUPPEN<\/strong><br>KGW &#8211; Der Kinder-Gruppen-Wettkampf ist ein Mannschafts-Wahlwettkampf, bei dem aus sechs Disziplinen (Turnen, Singen,\u00a0Tanzen, Gymnastik, Aufgabenstaffel und Basketballweitwurf) f\u00fcr den Wettkampf drei Disziplinen ausgew\u00e4hlt werden. <br>KGW 1 \u2013 Jungen und M\u00e4dchen 10 Jahre und j\u00fcnger<br>KGW 2 \u2013 Jungen und M\u00e4dchen 14 Jahre und j\u00fcnger.<br>TGW \/ TGM \u2013 Der Turnerjugend-Gruppen-Wettkampf bzw. die Turnerjugend-Gruppen-Meisterschaft, ist ein Gruppenwahlwettkampf der DTJ (Deutsche-Turner-Jugend). Eine Gruppe (6-12 Personen) stellt sich aus acht verschiedenen Disziplinen ihren Wettkampf zusammen. Abh\u00e4ngig von der Wettkampfklasse w\u00e4hlt sie drei oder vier Disziplinen. Die Gruppen k\u00f6nnen aus den folgenden Disziplinen w\u00e4hlen: Gruppenturnen am Boden mit oder ohne Kasten, Gruppentanz, Gruppengymnastik mit dem Handger\u00e4t, Singen in der Gruppe, Medizinballwurf, Orientierungslauf, Laufstaffel, Schwimmstaffel.<br>TRAMPOLIN &#8211; Auch unsere Trampoliner*innen nehmen erfolgreich an Wettk\u00e4mpfen teil. Trainiert wird in ausgew\u00e4hlten und separaten Gruppen, getrennt vom Breitensport um sich perfekt auf den Wettkampf vorbereiten zu k\u00f6nnen.<br>BADMINTON &#8211; auch unsere Badminton-Gruppe stellt eine Wettkampfgruppe, bei Interesse, meldet Euch gerne.<\/p>\n\n\n\n<p><strong>ERWACHSENEN- SENIORENTURNEN<\/strong><br>Im erwachsenen Alter sollte die Freude an der Bewegung nicht aufh\u00f6ren. Turnen ist eine Individualsportart, f\u00fcr jeden ist etwas richtige dabei. Turnen beeinflusst die allgemeine Kr\u00e4ftigung und Stabilisation der Muskeln und des ganzen K\u00f6rpers, &nbsp;sowie die Gewandtheit, Beweglichkeit und Reaktionsf\u00e4higkeit \u00e4u\u00dferst positiv. Vor allem aber erf\u00e4hrt man beim Turnen ein K\u00f6rpergef\u00fchl, welches nirgendwo anders im Sport so grundlegend zu finden ist.<br>Turnen in der Turnabteilung VfL Schlangen:<br>M\u00e4nnerturnen \/ Frauenturnen \/ Wirbels\u00e4ulengymnastik \/ Badminton \/ Rh\u00f6nrad \/ Trampolin \/ Aerobic Fit&amp;Fun \/ XXL-Gymnastik \/ Seniorenturnen \/ Lauftreff \/ Walking \/ Wandergruppe<\/p>\n\n\n\n<p><\/p>\n\n\n\n<p><\/p>\n","protected":false},"excerpt":{"rendered":"<p>Unsere verschiedenen Gruppen von Klein bis Gro\u00df von Jung bis Alt von Ausdauer bis Zeltlager weitere Informationen auch unter Trainingszeiten KINDERTURNEN Turnen ist eine wichtige Grundlage f\u00fcr viele weitere Sportarten, darum ist es richtig und wichtig, schon ganz fr\u00fch damit zu beginnen. Kinderturnen f\u00f6rdert auf vielf\u00e4ltige Weise und umfassend wichtige motorische Grundfertigkeiten, wie Laufen, Werfen, [&hellip;]<\/p>\n","protected":false},"author":8,"featured_media":0,"parent":0,"menu_order":0,"comment_status":"closed","ping_status":"closed","template":"","meta":{"tpgb_global_settings":"","ocean_post_layout":"","ocean_both_sidebars_style":"","ocean_both_sidebars_content_width":0,"ocean_both_sidebars_sidebars_width":0,"ocean_sidebar":"0","ocean_second_sidebar":"0","ocean_disable_margins":"enable","ocean_add_body_class":"","ocean_shortcode_before_top_bar":"","ocean_shortcode_after_top_bar":"","ocean_shortcode_before_header":"","ocean_shortcode_after_header":"","ocean_has_shortcode":"","ocean_shortcode_after_title":"","ocean_shortcode_before_footer_widgets":"","ocean_shortcode_after_footer_widgets":"","ocean_shortcode_before_footer_bottom":"","ocean_shortcode_after_footer_bottom":"","ocean_display_top_bar":"default","ocean_display_header":"default","ocean_header_style":"","ocean_center_header_left_menu":"0","ocean_custom_header_template":"0","ocean_custom_logo":0,"ocean_custom_retina_logo":0,"ocean_custom_logo_max_width":0,"ocean_custom_logo_tablet_max_width":0,"ocean_custom_logo_mobile_max_width":0,"ocean_custom_logo_max_height":0,"ocean_custom_logo_tablet_max_height":0,"ocean_custom_logo_mobile_max_height":0,"ocean_header_custom_menu":"0","ocean_menu_typo_font_family":"0","ocean_menu_typo_font_subset":"","ocean_menu_typo_font_size":0,"ocean_menu_typo_font_size_tablet":0,"ocean_menu_typo_font_size_mobile":0,"ocean_menu_typo_font_size_unit":"px","ocean_menu_typo_font_weight":"","ocean_menu_typo_font_weight_tablet":"","ocean_menu_typo_font_weight_mobile":"","ocean_menu_typo_transform":"","ocean_menu_typo_transform_tablet":"","ocean_menu_typo_transform_mobile":"","ocean_menu_typo_line_height":0,"ocean_menu_typo_line_height_tablet":0,"ocean_menu_typo_line_height_mobile":0,"ocean_menu_typo_line_height_unit":"","ocean_menu_typo_spacing":0,"ocean_menu_typo_spacing_tablet":0,"ocean_menu_typo_spacing_mobile":0,"ocean_menu_typo_spacing_unit":"","ocean_menu_link_color":"","ocean_menu_link_color_hover":"","ocean_menu_link_color_active":"","ocean_menu_link_background":"","ocean_menu_link_hover_background":"","ocean_menu_link_active_background":"","ocean_menu_social_links_bg":"","ocean_menu_social_hover_links_bg":"","ocean_menu_social_links_color":"","ocean_menu_social_hover_links_color":"","ocean_disable_title":"default","ocean_disable_heading":"default","ocean_post_title":"","ocean_post_subheading":"","ocean_post_title_style":"","ocean_post_title_background_color":"","ocean_post_title_background":0,"ocean_post_title_bg_image_position":"","ocean_post_title_bg_image_attachment":"","ocean_post_title_bg_image_repeat":"","ocean_post_title_bg_image_size":"","ocean_post_title_height":0,"ocean_post_title_bg_overlay":0.5,"ocean_post_title_bg_overlay_color":"","ocean_disable_breadcrumbs":"default","ocean_breadcrumbs_color":"","ocean_breadcrumbs_separator_color":"","ocean_breadcrumbs_links_color":"","ocean_breadcrumbs_links_hover_color":"","ocean_display_footer_widgets":"default","ocean_display_footer_bottom":"default","ocean_custom_footer_template":"0","osh_disable_topbar_sticky":"default","osh_disable_header_sticky":"default","osh_sticky_header_style":"default","osh_sticky_header_effect":"","osh_custom_sticky_logo":0,"osh_custom_retina_sticky_logo":0,"osh_custom_sticky_logo_height":0,"osh_background_color":"","osh_links_color":"","osh_links_hover_color":"","osh_links_active_color":"","osh_links_bg_color":"","osh_links_hover_bg_color":"","osh_links_active_bg_color":"","osh_menu_social_links_color":"","osh_menu_social_hover_links_color":"","footnotes":""},"class_list":["post-212","page","type-page","status-publish","hentry","entry"],"tpgb_featured_images":null,"tpgb_post_meta_info":{"get_date":"24. Januar 2022","get_modified_date":"18. August 2022","author_name":"C Z","author_url":"https:\/\/vfl-schlangen.de\/turnen\/author\/czwikirsch\/","author_email":"c.zwikirsch@web.de","author_website":"","author_description":"","author_facebook":"","author_twitter":"","author_instagram":"","author_role":["editor"],"author_firstname":"C","author_lastname":"Z","user_login":"czwikirsch","author_avatar":"<img alt='' src='https:\/\/secure.gravatar.com\/avatar\/1b09d1ace1a074be2f8415df7ae7fa9fc4222c3fc7b8b2e08d8198d6fab2e052?s=200&#038;d=mm&#038;r=g' srcset='https:\/\/secure.gravatar.com\/avatar\/1b09d1ace1a074be2f8415df7ae7fa9fc4222c3fc7b8b2e08d8198d6fab2e052?s=400&#038;d=mm&#038;r=g 2x' class='avatar avatar-200 photo' height='200' width='200' decoding='async'\/>","author_avatar_url":"https:\/\/secure.gravatar.com\/avatar\/1b09d1ace1a074be2f8415df7ae7fa9fc4222c3fc7b8b2e08d8198d6fab2e052?s=96&d=mm&r=g","comment_count":0,"post_likes":0,"post_views":0},"tpgb_post_category":[],"_links":{"self":[{"href":"https:\/\/vfl-schlangen.de\/turnen\/wp-json\/wp\/v2\/pages\/212","targetHints":{"allow":["GET"]}}],"collection":[{"href":"https:\/\/vfl-schlangen.de\/turnen\/wp-json\/wp\/v2\/pages"}],"about":[{"href":"https:\/\/vfl-schlangen.de\/turnen\/wp-json\/wp\/v2\/types\/page"}],"author":[{"embeddable":true,"href":"https:\/\/vfl-schlangen.de\/turnen\/wp-json\/wp\/v2\/users\/8"}],"replies":[{"embeddable":true,"href":"https:\/\/vfl-schlangen.de\/turnen\/wp-json\/wp\/v2\/comments?post=212"}],"version-history":[{"count":8,"href":"https:\/\/vfl-schlangen.de\/turnen\/wp-json\/wp\/v2\/pages\/212\/revisions"}],"predecessor-version":[{"id":517,"href":"https:\/\/vfl-schlangen.de\/turnen\/wp-json\/wp\/v2\/pages\/212\/revisions\/517"}],"wp:attachment":[{"href":"https:\/\/vfl-schlangen.de\/turnen\/wp-json\/wp\/v2\/media?parent=212"}],"curies":[{"name":"wp","href":"https:\/\/api.w.org\/{rel}","templated":true}]}}