{"id":20,"date":"2021-05-26T07:22:09","date_gmt":"2021-05-26T05:22:09","guid":{"rendered":"http:\/\/handball.templatetest.vfl-schlangen.de\/?page_id=20"},"modified":"2025-08-12T13:07:18","modified_gmt":"2025-08-12T11:07:18","slug":"veranstaltungen","status":"publish","type":"page","link":"https:\/\/vfl-schlangen.de\/handball\/veranstaltungen\/","title":{"rendered":"Veranstaltungen"},"content":{"rendered":"\n<p>In der Handballabteilung dreht es sich manchmal nicht nur um unseren Lieblingssport. Es gibt \u00fcber das Jahr hinweg auch einige sch\u00f6ne Veranstaltungen die von der Handballabteilung organisiert werden. <\/p>\n\n\n\n<div class=\"wp-block-media-text alignwide has-media-on-the-right is-stacked-on-mobile is-image-fill-element\"><div class=\"wp-block-media-text__content\">\n<p class=\"has-large-font-size\">Jahreshauptversammlung<\/p>\n\n\n\n<p>Die Jahreshauptversammlung der Handballabteilung findet immer am Mittwoch Abend vor Christi Himmelfahrt statt.<br><br><strong>Datum<\/strong>: 13.05.2026 <br><strong>Ort<\/strong>: Foyer der Rennekamphalle<br>Nur f\u00fcr Mitglieder der Handballabteilung &#8211; Einladung folgt<\/p>\n<\/div><figure class=\"wp-block-media-text__media\"><img fetchpriority=\"high\" decoding=\"async\" width=\"1024\" height=\"768\" src=\"https:\/\/vfl-schlangen.de\/handball\/wp-content\/uploads\/sites\/2\/2025\/02\/IMG_20220819_081445-1024x768.jpg\" alt=\"\" class=\"wp-image-1764 size-full\" style=\"object-position:61% 65%\" srcset=\"https:\/\/vfl-schlangen.de\/handball\/wp-content\/uploads\/sites\/2\/2025\/02\/IMG_20220819_081445-1024x768.jpg 1024w, https:\/\/vfl-schlangen.de\/handball\/wp-content\/uploads\/sites\/2\/2025\/02\/IMG_20220819_081445-300x225.jpg 300w, https:\/\/vfl-schlangen.de\/handball\/wp-content\/uploads\/sites\/2\/2025\/02\/IMG_20220819_081445-768x576.jpg 768w, https:\/\/vfl-schlangen.de\/handball\/wp-content\/uploads\/sites\/2\/2025\/02\/IMG_20220819_081445-1536x1152.jpg 1536w, https:\/\/vfl-schlangen.de\/handball\/wp-content\/uploads\/sites\/2\/2025\/02\/IMG_20220819_081445-2048x1536.jpg 2048w\" sizes=\"(max-width: 1024px) 100vw, 1024px\" \/><\/figure><\/div>\n\n\n\n<div class=\"wp-block-media-text alignwide is-stacked-on-mobile\"><figure class=\"wp-block-media-text__media\"><img decoding=\"async\" width=\"810\" height=\"250\" src=\"https:\/\/vfl-schlangen.de\/handball\/wp-content\/uploads\/sites\/2\/2022\/06\/IMG_6446.jpg\" alt=\"\" class=\"wp-image-482 size-full\" srcset=\"https:\/\/vfl-schlangen.de\/handball\/wp-content\/uploads\/sites\/2\/2022\/06\/IMG_6446.jpg 810w, https:\/\/vfl-schlangen.de\/handball\/wp-content\/uploads\/sites\/2\/2022\/06\/IMG_6446-300x93.jpg 300w, https:\/\/vfl-schlangen.de\/handball\/wp-content\/uploads\/sites\/2\/2022\/06\/IMG_6446-768x237.jpg 768w\" sizes=\"(max-width: 810px) 100vw, 810px\" \/><\/figure><div class=\"wp-block-media-text__content\">\n<p class=\"has-large-font-size\">Handballwoche<\/p>\n\n\n\n<p>Das Highlight der Saison ist sicherlich die Handballwoche. An vier Tagen ist dann der Rennekamp fest in der Hand der Handballer. Toller Handballsport aller Mannschaften, Livekonzerte, Cocktailbar und nat\u00fcrlich eine erstklassige Versorgung von G\u00fcnter und seinem Team haben das mittlerweile gr\u00f6sste Sportfest in Schlangen weit \u00fcber die Grenzen hinaus bekannt gemacht.<\/p>\n\n\n\n<p><strong>Datum: <\/strong>03.06.2026 &#8211; 06.06.2026<br>Das Programmheft pr\u00e4sentieren wir euch kurz vor der Handballwoche<\/p>\n<\/div><\/div>\n\n\n\n<div class=\"wp-block-media-text alignwide has-media-on-the-right is-stacked-on-mobile is-image-fill-element\"><div class=\"wp-block-media-text__content\">\n<p class=\"has-large-font-size\">Gr\u00fcnkohlessen<\/p>\n\n\n\n<p>Das Gr\u00fcnkohlessen f\u00fcr Mannschaften, Sponsoren, Freunde und G\u00f6nner der Handballabteilung bietet Gelegenheit f\u00fcr einige gesellige Stunden au\u00dferhalb des Rennekamphalle.<\/p>\n\n\n\n<p><strong>Datum:<\/strong> 28.11.2025 &#8211; 19:30 Uhr<br><strong>Ort:<\/strong> Gasthof &#8222;Zur Rose&#8220;<\/p>\n<\/div><figure class=\"wp-block-media-text__media\"><img decoding=\"async\" width=\"1024\" height=\"768\" src=\"https:\/\/vfl-schlangen.de\/handball\/wp-content\/uploads\/sites\/2\/2024\/02\/IMG202211252003182-1024x768.jpg\" alt=\"\" class=\"wp-image-1385 size-full\" style=\"object-position:50% 50%\" srcset=\"https:\/\/vfl-schlangen.de\/handball\/wp-content\/uploads\/sites\/2\/2024\/02\/IMG202211252003182-1024x768.jpg 1024w, https:\/\/vfl-schlangen.de\/handball\/wp-content\/uploads\/sites\/2\/2024\/02\/IMG202211252003182-300x225.jpg 300w, https:\/\/vfl-schlangen.de\/handball\/wp-content\/uploads\/sites\/2\/2024\/02\/IMG202211252003182-768x576.jpg 768w, https:\/\/vfl-schlangen.de\/handball\/wp-content\/uploads\/sites\/2\/2024\/02\/IMG202211252003182-1536x1152.jpg 1536w, https:\/\/vfl-schlangen.de\/handball\/wp-content\/uploads\/sites\/2\/2024\/02\/IMG202211252003182-2048x1536.jpg 2048w\" sizes=\"(max-width: 1024px) 100vw, 1024px\" \/><\/figure><\/div>\n\n\n\n<p><\/p>\n","protected":false},"excerpt":{"rendered":"<p>In der Handballabteilung dreht es sich manchmal nicht nur um unseren Lieblingssport. Es gibt \u00fcber das Jahr hinweg auch einige sch\u00f6ne Veranstaltungen die von der Handballabteilung organisiert werden. Jahreshauptversammlung Die Jahreshauptversammlung der Handballabteilung findet immer am Mittwoch Abend vor Christi Himmelfahrt statt. Datum: 13.05.2026 Ort: Foyer der RennekamphalleNur f\u00fcr Mitglieder der Handballabteilung &#8211; Einladung folgt [&hellip;]<\/p>\n","protected":false},"author":1,"featured_media":0,"parent":0,"menu_order":0,"comment_status":"closed","ping_status":"closed","template":"","meta":{"tpgb_global_settings":"","ocean_post_layout":"","ocean_both_sidebars_style":"","ocean_both_sidebars_content_width":0,"ocean_both_sidebars_sidebars_width":0,"ocean_sidebar":"0","ocean_second_sidebar":"0","ocean_disable_margins":"enable","ocean_add_body_class":"","ocean_shortcode_before_top_bar":"","ocean_shortcode_after_top_bar":"","ocean_shortcode_before_header":"","ocean_shortcode_after_header":"","ocean_has_shortcode":"","ocean_shortcode_after_title":"","ocean_shortcode_before_footer_widgets":"","ocean_shortcode_after_footer_widgets":"","ocean_shortcode_before_footer_bottom":"","ocean_shortcode_after_footer_bottom":"","ocean_display_top_bar":"default","ocean_display_header":"default","ocean_header_style":"","ocean_center_header_left_menu":"0","ocean_custom_header_template":"0","ocean_custom_logo":0,"ocean_custom_retina_logo":0,"ocean_custom_logo_max_width":0,"ocean_custom_logo_tablet_max_width":0,"ocean_custom_logo_mobile_max_width":0,"ocean_custom_logo_max_height":0,"ocean_custom_logo_tablet_max_height":0,"ocean_custom_logo_mobile_max_height":0,"ocean_header_custom_menu":"0","ocean_menu_typo_font_family":"0","ocean_menu_typo_font_subset":"","ocean_menu_typo_font_size":0,"ocean_menu_typo_font_size_tablet":0,"ocean_menu_typo_font_size_mobile":0,"ocean_menu_typo_font_size_unit":"px","ocean_menu_typo_font_weight":"","ocean_menu_typo_font_weight_tablet":"","ocean_menu_typo_font_weight_mobile":"","ocean_menu_typo_transform":"","ocean_menu_typo_transform_tablet":"","ocean_menu_typo_transform_mobile":"","ocean_menu_typo_line_height":0,"ocean_menu_typo_line_height_tablet":0,"ocean_menu_typo_line_height_mobile":0,"ocean_menu_typo_line_height_unit":"","ocean_menu_typo_spacing":0,"ocean_menu_typo_spacing_tablet":0,"ocean_menu_typo_spacing_mobile":0,"ocean_menu_typo_spacing_unit":"","ocean_menu_link_color":"","ocean_menu_link_color_hover":"","ocean_menu_link_color_active":"","ocean_menu_link_background":"","ocean_menu_link_hover_background":"","ocean_menu_link_active_background":"","ocean_menu_social_links_bg":"","ocean_menu_social_hover_links_bg":"","ocean_menu_social_links_color":"","ocean_menu_social_hover_links_color":"","ocean_disable_title":"default","ocean_disable_heading":"default","ocean_post_title":"","ocean_post_subheading":"","ocean_post_title_style":"","ocean_post_title_background_color":"","ocean_post_title_background":0,"ocean_post_title_bg_image_position":"","ocean_post_title_bg_image_attachment":"","ocean_post_title_bg_image_repeat":"","ocean_post_title_bg_image_size":"","ocean_post_title_height":0,"ocean_post_title_bg_overlay":0.5,"ocean_post_title_bg_overlay_color":"","ocean_disable_breadcrumbs":"default","ocean_breadcrumbs_color":"","ocean_breadcrumbs_separator_color":"","ocean_breadcrumbs_links_color":"","ocean_breadcrumbs_links_hover_color":"","ocean_display_footer_widgets":"default","ocean_display_footer_bottom":"default","ocean_custom_footer_template":"0","osh_disable_topbar_sticky":"default","osh_disable_header_sticky":"default","osh_sticky_header_style":"default","osh_sticky_header_effect":"","osh_custom_sticky_logo":0,"osh_custom_retina_sticky_logo":0,"osh_custom_sticky_logo_height":0,"osh_background_color":"","osh_links_color":"","osh_links_hover_color":"","osh_links_active_color":"","osh_links_bg_color":"","osh_links_hover_bg_color":"","osh_links_active_bg_color":"","osh_menu_social_links_color":"","osh_menu_social_hover_links_color":"","osp_disable_panel":"default","footnotes":""},"class_list":["post-20","page","type-page","status-publish","hentry","entry"],"tpgb_featured_images":null,"tpgb_post_meta_info":{"get_date":"26. Mai 2021","get_modified_date":"12. August 2025","author_name":"Carsten L\u00fcning","author_url":"https:\/\/vfl-schlangen.de\/handball\/author\/cluening\/","author_email":"carsten.luening@gmail.com","author_website":"http:\/\/templatetest.vfl-schlangen.de","author_description":"","author_facebook":"","author_twitter":"","author_instagram":"","author_role":["administrator"],"author_firstname":"Carsten","author_lastname":"L\u00fcning","user_login":"cluening","author_avatar":"<img alt='' src='https:\/\/secure.gravatar.com\/avatar\/9cfdb1db3574a110f14635dfc98d8bbf6d773c2bd9bf2a125f7e0b87ae5c330c?s=200&#038;d=mm&#038;r=g' srcset='https:\/\/secure.gravatar.com\/avatar\/9cfdb1db3574a110f14635dfc98d8bbf6d773c2bd9bf2a125f7e0b87ae5c330c?s=400&#038;d=mm&#038;r=g 2x' class='avatar avatar-200 photo' height='200' width='200' decoding='async'\/>","author_avatar_url":"https:\/\/secure.gravatar.com\/avatar\/9cfdb1db3574a110f14635dfc98d8bbf6d773c2bd9bf2a125f7e0b87ae5c330c?s=96&d=mm&r=g","comment_count":0,"post_likes":0,"post_views":0},"tpgb_post_category":[],"_links":{"self":[{"href":"https:\/\/vfl-schlangen.de\/handball\/wp-json\/wp\/v2\/pages\/20","targetHints":{"allow":["GET"]}}],"collection":[{"href":"https:\/\/vfl-schlangen.de\/handball\/wp-json\/wp\/v2\/pages"}],"about":[{"href":"https:\/\/vfl-schlangen.de\/handball\/wp-json\/wp\/v2\/types\/page"}],"author":[{"embeddable":true,"href":"https:\/\/vfl-schlangen.de\/handball\/wp-json\/wp\/v2\/users\/1"}],"replies":[{"embeddable":true,"href":"https:\/\/vfl-schlangen.de\/handball\/wp-json\/wp\/v2\/comments?post=20"}],"version-history":[{"count":10,"href":"https:\/\/vfl-schlangen.de\/handball\/wp-json\/wp\/v2\/pages\/20\/revisions"}],"predecessor-version":[{"id":1929,"href":"https:\/\/vfl-schlangen.de\/handball\/wp-json\/wp\/v2\/pages\/20\/revisions\/1929"}],"wp:attachment":[{"href":"https:\/\/vfl-schlangen.de\/handball\/wp-json\/wp\/v2\/media?parent=20"}],"curies":[{"name":"wp","href":"https:\/\/api.w.org\/{rel}","templated":true}]}}